{"id":2163,"date":"2022-05-11T09:05:04","date_gmt":"2022-05-11T09:05:04","guid":{"rendered":"https:\/\/www.higueronmarbellagolfresort.com\/members-login\/"},"modified":"2022-08-22T14:58:52","modified_gmt":"2022-08-22T14:58:52","slug":"acceso-socios","status":"publish","type":"page","link":"https:\/\/www.higueronmarbellagolfresort.com\/es\/acceso-socios\/","title":{"rendered":"Acceso Socios"},"content":{"rendered":"\n<div class=\"row row-collapse row-full-width align-middle\"  id=\"row-1457284865\">\n\n\n\t<div id=\"col-689303417\" class=\"col medium-6 small-12 large-6\"  >\n\t\t\t\t<div class=\"col-inner\"  >\n\t\t\t\n\t\t\t\n\n\t<div class=\"img has-hover x md-x lg-x y md-y lg-y\" id=\"image_1655505596\">\n\t\t\t\t\t\t\t\t<div class=\"img-inner dark\" >\n\t\t\t<img loading=\"lazy\" decoding=\"async\" width=\"1020\" height=\"680\" src=\"https:\/\/www.higueronmarbellagolfresort.com\/wp-content\/uploads\/2022\/07\/Members-Area-1200x800.jpg\" class=\"attachment-large size-large\" alt=\"Marbella Golf Members\" srcset=\"https:\/\/www.higueronmarbellagolfresort.com\/wp-content\/uploads\/2022\/07\/Members-Area-1200x800.jpg 1200w, https:\/\/www.higueronmarbellagolfresort.com\/wp-content\/uploads\/2022\/07\/Members-Area-600x400.jpg 600w, https:\/\/www.higueronmarbellagolfresort.com\/wp-content\/uploads\/2022\/07\/Members-Area-768x512.jpg 768w, https:\/\/www.higueronmarbellagolfresort.com\/wp-content\/uploads\/2022\/07\/Members-Area-391x260.jpg 391w, https:\/\/www.higueronmarbellagolfresort.com\/wp-content\/uploads\/2022\/07\/Members-Area-1536x1024.jpg 1536w, https:\/\/www.higueronmarbellagolfresort.com\/wp-content\/uploads\/2022\/07\/Members-Area.jpg 1800w\" sizes=\"auto, (max-width: 1020px) 100vw, 1020px\" \/>\t\t\t\t\t\t\n\t\t\t\t\t<\/div>\n\t\t\t\t\t\t\t\t\n<style>\n#image_1655505596 {\n  width: 100%;\n}\n<\/style>\n\t<\/div>\n\t\n\n\n\t\t<\/div>\n\t\t\t\t\t<\/div>\n\n\t\n\n\t<div id=\"col-1654533937\" class=\"col medium-6 small-12 large-6\"  >\n\t\t\t\t<div class=\"col-inner\"  >\n\t\t\t\n\t\t\t\n\n<div class=\"container section-title-container\" ><h1 class=\"section-title section-title-normal\"><b><\/b><span class=\"section-title-main\" >Acceso Socios<\/span><b><\/b><\/h1><\/div>\n\n\n\n<form name=\"loginform\" id=\"loginform\" action=\"https:\/\/www.higueronmarbellagolfresort.com\/es\/wp-login.php\" method=\"post\"><p class=\"login-username\">\n\t\t\t\t<label for=\"user_login\">Nombre de usuario o correo electr\u00f3nico<\/label>\n\t\t\t\t<input type=\"text\" name=\"log\" id=\"user_login\" autocomplete=\"username\" class=\"input\" value=\"\" size=\"20\" \/>\n\t\t\t<\/p><p class=\"login-password\">\n\t\t\t\t<label for=\"user_pass\">Contrase\u00f1a<\/label>\n\t\t\t\t<input type=\"password\" name=\"pwd\" id=\"user_pass\" autocomplete=\"current-password\" spellcheck=\"false\" class=\"input\" value=\"\" size=\"20\" \/>\n\t\t\t<\/p><p class=\"login-remember\"><label><input name=\"rememberme\" type=\"checkbox\" id=\"rememberme\" value=\"forever\" \/> Recu\u00e9rdame<\/label><\/p><p class=\"login-submit\">\n\t\t\t\t<input type=\"submit\" name=\"wp-submit\" id=\"wp-submit\" class=\"button button-primary\" value=\"Acceder\" \/>\n\t\t\t\t<input type=\"hidden\" name=\"redirect_to\" value=\"\/es\/area-de-socios\/\" \/>\n\t\t\t<\/p><\/form><a class=\"wplf-lostpassword\" href=\"https:\/\/www.higueronmarbellagolfresort.com\/es\/wp-login.php?action=lostpassword\">\u00bfOlvid\u00f3 su contrase\u00f1a?<\/a>\n\n\n\t\t<\/div>\n\t\t\t\t\n<style>\n#col-1654533937 > .col-inner {\n  padding: 5% 5% 5% 5%;\n  max-width: 520px;\n}\n<\/style>\n\t<\/div>\n\n\t\n\n<\/div>\n\n","protected":false},"excerpt":{"rendered":"","protected":false},"author":1,"featured_media":0,"parent":0,"menu_order":0,"comment_status":"closed","ping_status":"closed","template":"","meta":{"footnotes":""},"class_list":["post-2163","page","type-page","status-publish","hentry"],"yoast_head":"<!-- This site is optimized with the Yoast SEO plugin v27.3 - https:\/\/yoast.com\/product\/yoast-seo-wordpress\/ -->\n<title>Acceso al \u00e1rea privada de socios - Higuer\u00f3n Marbella Golf Resort<\/title>\n<meta name=\"description\" content=\"Acceso al \u00e1rea privada de socios de Marbella Golf Country Club. Campo de golf en Marbella dise\u00f1ado por Robert Trent Jones.\" \/>\n<meta name=\"robots\" content=\"index, follow, max-snippet:-1, max-image-preview:large, max-video-preview:-1\" \/>\n<link rel=\"canonical\" href=\"https:\/\/www.higueronmarbellagolfresort.com\/es\/acceso-socios\/\" \/>\n<meta property=\"og:locale\" content=\"es_ES\" \/>\n<meta property=\"og:type\" content=\"article\" \/>\n<meta property=\"og:title\" content=\"Acceso al \u00e1rea privada de socios - Higuer\u00f3n Marbella Golf Resort\" \/>\n<meta property=\"og:description\" content=\"Acceso al \u00e1rea privada de socios de Marbella Golf Country Club. Campo de golf en Marbella dise\u00f1ado por Robert Trent Jones.\" \/>\n<meta property=\"og:url\" content=\"https:\/\/www.higueronmarbellagolfresort.com\/es\/acceso-socios\/\" \/>\n<meta property=\"og:site_name\" content=\"Higuer\u00f3n Marbella Golf Resort\" \/>\n<meta property=\"article:publisher\" content=\"https:\/\/www.facebook.com\/MarbellaGolf\/\" \/>\n<meta property=\"article:modified_time\" content=\"2022-08-22T14:58:52+00:00\" \/>\n<meta name=\"twitter:card\" content=\"summary_large_image\" \/>\n<meta name=\"twitter:site\" content=\"@marbellagolf\" \/>\n<script type=\"application\/ld+json\" class=\"yoast-schema-graph\">{\"@context\":\"https:\\\/\\\/schema.org\",\"@graph\":[{\"@type\":\"WebPage\",\"@id\":\"https:\\\/\\\/www.higueronmarbellagolfresort.com\\\/es\\\/acceso-socios\\\/\",\"url\":\"https:\\\/\\\/www.higueronmarbellagolfresort.com\\\/es\\\/acceso-socios\\\/\",\"name\":\"Acceso al \u00e1rea privada de socios - Higuer\u00f3n Marbella Golf Resort\",\"isPartOf\":{\"@id\":\"https:\\\/\\\/www.higueronmarbellagolfresort.com\\\/#website\"},\"datePublished\":\"2022-05-11T09:05:04+00:00\",\"dateModified\":\"2022-08-22T14:58:52+00:00\",\"description\":\"Acceso al \u00e1rea privada de socios de Marbella Golf Country Club. Campo de golf en Marbella dise\u00f1ado por Robert Trent Jones.\",\"breadcrumb\":{\"@id\":\"https:\\\/\\\/www.higueronmarbellagolfresort.com\\\/es\\\/acceso-socios\\\/#breadcrumb\"},\"inLanguage\":\"es\",\"potentialAction\":[{\"@type\":\"ReadAction\",\"target\":[\"https:\\\/\\\/www.higueronmarbellagolfresort.com\\\/es\\\/acceso-socios\\\/\"]}]},{\"@type\":\"BreadcrumbList\",\"@id\":\"https:\\\/\\\/www.higueronmarbellagolfresort.com\\\/es\\\/acceso-socios\\\/#breadcrumb\",\"itemListElement\":[{\"@type\":\"ListItem\",\"position\":1,\"name\":\"Home\",\"item\":\"https:\\\/\\\/www.higueronmarbellagolfresort.com\\\/es\\\/\"},{\"@type\":\"ListItem\",\"position\":2,\"name\":\"Acceso Socios\"}]},{\"@type\":\"WebSite\",\"@id\":\"https:\\\/\\\/www.higueronmarbellagolfresort.com\\\/#website\",\"url\":\"https:\\\/\\\/www.higueronmarbellagolfresort.com\\\/\",\"name\":\"Higuer\u00f3n Marbella Golf Resort\",\"description\":\"El mejor campo de golf de Marbella\",\"publisher\":{\"@id\":\"https:\\\/\\\/www.higueronmarbellagolfresort.com\\\/#organization\"},\"potentialAction\":[{\"@type\":\"SearchAction\",\"target\":{\"@type\":\"EntryPoint\",\"urlTemplate\":\"https:\\\/\\\/www.higueronmarbellagolfresort.com\\\/?s={search_term_string}\"},\"query-input\":{\"@type\":\"PropertyValueSpecification\",\"valueRequired\":true,\"valueName\":\"search_term_string\"}}],\"inLanguage\":\"es\"},{\"@type\":\"Organization\",\"@id\":\"https:\\\/\\\/www.higueronmarbellagolfresort.com\\\/#organization\",\"name\":\"Marbella Golf Country Club\",\"url\":\"https:\\\/\\\/www.higueronmarbellagolfresort.com\\\/\",\"logo\":{\"@type\":\"ImageObject\",\"inLanguage\":\"es\",\"@id\":\"https:\\\/\\\/www.higueronmarbellagolfresort.com\\\/#\\\/schema\\\/logo\\\/image\\\/\",\"url\":\"https:\\\/\\\/www.higueronmarbellagolfresort.com\\\/wp-content\\\/uploads\\\/2026\\\/01\\\/MARBELLA_GOLF-01-scaled.png\",\"contentUrl\":\"https:\\\/\\\/www.higueronmarbellagolfresort.com\\\/wp-content\\\/uploads\\\/2026\\\/01\\\/MARBELLA_GOLF-01-scaled.png\",\"width\":2560,\"height\":1811,\"caption\":\"Marbella Golf Country Club\"},\"image\":{\"@id\":\"https:\\\/\\\/www.higueronmarbellagolfresort.com\\\/#\\\/schema\\\/logo\\\/image\\\/\"},\"sameAs\":[\"https:\\\/\\\/www.facebook.com\\\/MarbellaGolf\\\/\",\"https:\\\/\\\/x.com\\\/marbellagolf\",\"https:\\\/\\\/www.instagram.com\\\/marbellagolf\\\/\"]}]}<\/script>\n<!-- \/ Yoast SEO plugin. -->","yoast_head_json":{"title":"Acceso al \u00e1rea privada de socios - Higuer\u00f3n Marbella Golf Resort","description":"Acceso al \u00e1rea privada de socios de Marbella Golf Country Club. Campo de golf en Marbella dise\u00f1ado por Robert Trent Jones.","robots":{"index":"index","follow":"follow","max-snippet":"max-snippet:-1","max-image-preview":"max-image-preview:large","max-video-preview":"max-video-preview:-1"},"canonical":"https:\/\/www.higueronmarbellagolfresort.com\/es\/acceso-socios\/","og_locale":"es_ES","og_type":"article","og_title":"Acceso al \u00e1rea privada de socios - Higuer\u00f3n Marbella Golf Resort","og_description":"Acceso al \u00e1rea privada de socios de Marbella Golf Country Club. Campo de golf en Marbella dise\u00f1ado por Robert Trent Jones.","og_url":"https:\/\/www.higueronmarbellagolfresort.com\/es\/acceso-socios\/","og_site_name":"Higuer\u00f3n Marbella Golf Resort","article_publisher":"https:\/\/www.facebook.com\/MarbellaGolf\/","article_modified_time":"2022-08-22T14:58:52+00:00","twitter_card":"summary_large_image","twitter_site":"@marbellagolf","schema":{"@context":"https:\/\/schema.org","@graph":[{"@type":"WebPage","@id":"https:\/\/www.higueronmarbellagolfresort.com\/es\/acceso-socios\/","url":"https:\/\/www.higueronmarbellagolfresort.com\/es\/acceso-socios\/","name":"Acceso al \u00e1rea privada de socios - Higuer\u00f3n Marbella Golf Resort","isPartOf":{"@id":"https:\/\/www.higueronmarbellagolfresort.com\/#website"},"datePublished":"2022-05-11T09:05:04+00:00","dateModified":"2022-08-22T14:58:52+00:00","description":"Acceso al \u00e1rea privada de socios de Marbella Golf Country Club. Campo de golf en Marbella dise\u00f1ado por Robert Trent Jones.","breadcrumb":{"@id":"https:\/\/www.higueronmarbellagolfresort.com\/es\/acceso-socios\/#breadcrumb"},"inLanguage":"es","potentialAction":[{"@type":"ReadAction","target":["https:\/\/www.higueronmarbellagolfresort.com\/es\/acceso-socios\/"]}]},{"@type":"BreadcrumbList","@id":"https:\/\/www.higueronmarbellagolfresort.com\/es\/acceso-socios\/#breadcrumb","itemListElement":[{"@type":"ListItem","position":1,"name":"Home","item":"https:\/\/www.higueronmarbellagolfresort.com\/es\/"},{"@type":"ListItem","position":2,"name":"Acceso Socios"}]},{"@type":"WebSite","@id":"https:\/\/www.higueronmarbellagolfresort.com\/#website","url":"https:\/\/www.higueronmarbellagolfresort.com\/","name":"Higuer\u00f3n Marbella Golf Resort","description":"El mejor campo de golf de Marbella","publisher":{"@id":"https:\/\/www.higueronmarbellagolfresort.com\/#organization"},"potentialAction":[{"@type":"SearchAction","target":{"@type":"EntryPoint","urlTemplate":"https:\/\/www.higueronmarbellagolfresort.com\/?s={search_term_string}"},"query-input":{"@type":"PropertyValueSpecification","valueRequired":true,"valueName":"search_term_string"}}],"inLanguage":"es"},{"@type":"Organization","@id":"https:\/\/www.higueronmarbellagolfresort.com\/#organization","name":"Marbella Golf Country Club","url":"https:\/\/www.higueronmarbellagolfresort.com\/","logo":{"@type":"ImageObject","inLanguage":"es","@id":"https:\/\/www.higueronmarbellagolfresort.com\/#\/schema\/logo\/image\/","url":"https:\/\/www.higueronmarbellagolfresort.com\/wp-content\/uploads\/2026\/01\/MARBELLA_GOLF-01-scaled.png","contentUrl":"https:\/\/www.higueronmarbellagolfresort.com\/wp-content\/uploads\/2026\/01\/MARBELLA_GOLF-01-scaled.png","width":2560,"height":1811,"caption":"Marbella Golf Country Club"},"image":{"@id":"https:\/\/www.higueronmarbellagolfresort.com\/#\/schema\/logo\/image\/"},"sameAs":["https:\/\/www.facebook.com\/MarbellaGolf\/","https:\/\/x.com\/marbellagolf","https:\/\/www.instagram.com\/marbellagolf\/"]}]}},"_links":{"self":[{"href":"https:\/\/www.higueronmarbellagolfresort.com\/es\/wp-json\/wp\/v2\/pages\/2163","targetHints":{"allow":["GET"]}}],"collection":[{"href":"https:\/\/www.higueronmarbellagolfresort.com\/es\/wp-json\/wp\/v2\/pages"}],"about":[{"href":"https:\/\/www.higueronmarbellagolfresort.com\/es\/wp-json\/wp\/v2\/types\/page"}],"author":[{"embeddable":true,"href":"https:\/\/www.higueronmarbellagolfresort.com\/es\/wp-json\/wp\/v2\/users\/1"}],"replies":[{"embeddable":true,"href":"https:\/\/www.higueronmarbellagolfresort.com\/es\/wp-json\/wp\/v2\/comments?post=2163"}],"version-history":[{"count":6,"href":"https:\/\/www.higueronmarbellagolfresort.com\/es\/wp-json\/wp\/v2\/pages\/2163\/revisions"}],"predecessor-version":[{"id":10337,"href":"https:\/\/www.higueronmarbellagolfresort.com\/es\/wp-json\/wp\/v2\/pages\/2163\/revisions\/10337"}],"wp:attachment":[{"href":"https:\/\/www.higueronmarbellagolfresort.com\/es\/wp-json\/wp\/v2\/media?parent=2163"}],"curies":[{"name":"wp","href":"https:\/\/api.w.org\/{rel}","templated":true}]}}