{"id":2193,"date":"2022-03-28T16:27:08","date_gmt":"2022-03-28T14:27:08","guid":{"rendered":"https:\/\/www.higueronmarbellagolfresort.com\/?page_id=2193"},"modified":"2025-11-14T13:49:19","modified_gmt":"2025-11-14T11:49:19","slug":"politica-de-privacidad","status":"publish","type":"page","link":"https:\/\/www.higueronmarbellagolfresort.com\/es\/politica-de-privacidad\/","title":{"rendered":"Pol\u00edtica de Privacidad"},"content":{"rendered":"\n<h1 class=\"wp-block-heading\">Pol\u00edtica de Privacidad<\/h1>\n\n\n\n<p>La informaci\u00f3n que a continuaci\u00f3n le ofrecemos, supone la declaraci\u00f3n de la Pol\u00edtica de Privacidad de Marbella Golf Country Club (Higuer\u00f3n Marbella Golf S.L.) que act\u00faa como Responsable del Tratamiento de sus datos. En esta declaraci\u00f3n recogemos toda la informaci\u00f3n de su inter\u00e9s siguiendo las directrices del Reglamento (UE) 2016\/679 del Parlamento Europeo y del Consejo de 27 de abril de 2016 que regula la protecci\u00f3n de las personas f\u00edsicas en lo que respecta al tratamiento de sus datos personales y a la libre circulaci\u00f3n de los mismos.<\/p>\n\n\n\n<p>Para empezar, debemos informarles los datos de contacto del Responsable, para que UD pueda dirigir cualquier solicitud o notificaci\u00f3n que desee realizar, incluido el ejercicio de sus derechos que posteriormente le explicaremos<\/p>\n\n\n\n<p><strong>Marbella Golf Country Club (<strong>Higuer\u00f3n Marbella Golf S.L.<\/strong>)<\/strong><\/p>\n\n\n\n<p><strong>CIF: B29492592<\/strong><\/p>\n\n\n\n<p><strong>Domicilio: Autov\u00eda A-7, Km. 188, 29604 Marbella<\/strong><\/p>\n\n\n\n<p><strong>Email: sandra@marbellagolf.com<\/strong><\/p>\n\n\n\n<p><strong>\u00bfCu\u00e1les son y con qu\u00e9 finalidad tratamos sus datos personales?<\/strong><\/p>\n\n\n\n<p>En general, el Responsable trata los datos que facilitan los socios\/clientes directamente, entendiendo por tanto que los datos son reales y veraces en todo momento. No se recogen datos superfluos o innecesarios, y siempre est\u00e1n ajustados a las necesidades legales y organizativas m\u00ednimas imprescindibles para prestarle el servicio solicitado de cualquier \u00edndole. La finalidad del tratamiento de esta informaci\u00f3n va a depender del servicio solicitado, pudiendo ser:<\/p>\n\n\n\n<p>\u2022 Gesti\u00f3n Administrativa y comercial de los servicios que prestamos.<\/p>\n\n\n\n<p>\u2022 Gesti\u00f3n contable y fiscal.<\/p>\n\n\n\n<p>\u2022 Responder adecuadamente a solicitudes de informaci\u00f3n recibidas a trav\u00e9s de cualquier medio.<\/p>\n\n\n\n<p>\u2022 Gestionar las reservas de campo para la pr\u00e1ctica de Golf, realizadas por cualquier medio.<\/p>\n\n\n\n<p>\u2022 Administrar las noticias, eventos y publicaciones de nuestra p\u00e1gina web y perfiles de redes sociales.<\/p>\n\n\n\n<p>\u2022 Env\u00edo de News Letter y\/o email con informaci\u00f3n sobre competiciones, eventos y noticias del Club de Golf, que puede ser de su inter\u00e9s como socio\/cliente<\/p>\n\n\n\n<p>\u2022 Gesti\u00f3n de cobro de servicios prestados.<\/p>\n\n\n\n<p>\u2022 Venta y alquiler de material de nuestras instalaciones.<\/p>\n\n\n\n<p>\u2022 Gesti\u00f3n del servicio de restauraci\u00f3n del Club.<\/p>\n\n\n\n<p>Los datos personales que nos aportan y que el Responsable trata para las finalidades mencionadas son:<\/p>\n\n\n\n<p>\u2022 Nombre completo<\/p>\n\n\n\n<p>\u2022 Direcci\u00f3n postal y de correo electr\u00f3nico<\/p>\n\n\n\n<p>\u2022 Tel\u00e9fono<\/p>\n\n\n\n<p>\u2022 Fecha de nacimiento\/edad<\/p>\n\n\n\n<p>\u2022 Datos de su tarjeta de cr\u00e9dito<\/p>\n\n\n\n<p>\u2022 Datos relativos a la inscripci\u00f3n de la Federaci\u00f3n Espa\u00f1ola de Golf o sus secciones regionales, que puede incluir h\u00e1ndicap y logros deportivos.<\/p>\n\n\n\n<p>\u2022 Datos hist\u00f3ricos relativos al uso de los servicios del Club, como reservas, asistencia a competiciones y eventos, incluida su imagen en material fotogr\u00e1fico y video gr\u00e1fico recogidos en dichos eventos con la finalidad de promoci\u00f3n de los mismos en la p\u00e1gina web y perfiles de redes sociales del Club.<\/p>\n\n\n\n<p><strong>\u00bfCu\u00e1l es la legitimaci\u00f3n del uso de los datos por parte de Marbella Golf Country Club?<\/strong><\/p>\n\n\n\n<p>Legitimaci\u00f3n es la base legal por la que el responsable se considera autorizado al uso y a los tratamientos especificados anteriormente y que son, seg\u00fan el tratamiento que se trate:<\/p>\n\n\n\n<p>1\u00ba Legitimaci\u00f3n por existir una obligaci\u00f3n legal. Algunos tratamientos se realizan porque existen normas y leyes de diferente \u00edndole que obligan al responsable a realizar alg\u00fan tratamiento de la informaci\u00f3n de sus clientes, incluyendo comunicaci\u00f3n y archivo hist\u00f3rico de la misma.<\/p>\n\n\n\n<p>2\u00ba Legitimaci\u00f3n para la ejecuci\u00f3n de un contrato. La asociaci\u00f3n al club o una simple reserva de campo para juego o un alquiler de equipos deportivos, supone que UD ha contratado un servicio con el responsable, que va a necesitar cierta informaci\u00f3n para cumplir con su parte de este acuerdo de manera satisfactoria y segura para sus intereses.<\/p>\n\n\n\n<p>3\u00ba Consentimiento del interesado. En algunos casos, como la asociaci\u00f3n al club o la solicitud de servicios a trav\u00e9s de la web, vamos a pedirle adem\u00e1s que nos acepte esta pol\u00edtica de privacidad, para contar con su consentimiento expreso para poder utilizar sus datos.<\/p>\n\n\n\n<p>4\u00ba Inter\u00e9s leg\u00edtimo. Para los tratamientos cuya finalidad sean la publicidad y prospecci\u00f3n comercial de servicios y productos que el responsable puede ofrecerles, incluido el marketing directo y de acuerdo con el considerando 47 del Reglamento UE n\u00fam. 2016\/679 y el Dictamen del Grupo de Trabajo del Articulo 29 revisado en Abril de 2018, el concepto de Inter\u00e9s Legitimo incluye tanto la prospecci\u00f3n convencional , como otras formas de comercializaci\u00f3n o publicidad, donde el uso de ciertos datos concretos son necesarios e ineludibles y no suponen en ning\u00fan caso riesgo objetivo elevado para los derechos de los interesados.<\/p>\n\n\n\n<p><strong>\u00bfDurante cu\u00e1nto tiempo se tratan sus datos?<\/strong><\/p>\n\n\n\n<p>El Responsable, almacena o trata sus datos de manera indefinida, siempre que UD no haya solicitado debidamente lo contrario. De cualquier forma, se deber\u00e1n cumplir los plazos m\u00ednimos de conservaci\u00f3n que establezcan las normas fiscales y contables, as\u00ed como el C\u00f3digo de Comercio y normativa complementaria.<\/p>\n\n\n\n<p><strong>\u00bfCon qui\u00e9n se comparten sus datos?<\/strong><\/p>\n\n\n\n<p>El responsable no cede los datos que de UD conserva a terceros para finalidades diferentes a las descritas anteriormente sin su autorizaci\u00f3n expresa, y solo comunicara los datos a terceras entidades por obligaci\u00f3n legal.<\/p>\n\n\n\n<p><strong>Sus derechos individuales<\/strong><\/p>\n\n\n\n<p>UD tiene derecho a solicitarnos las siguientes acciones:<\/p>\n\n\n\n<p>\u2022 Acceso a sus datos personales<\/p>\n\n\n\n<p>\u2022 Rectificaci\u00f3n de sus datos personales<\/p>\n\n\n\n<p>\u2022 Limitaci\u00f3n del tratamiento de sus datos personales<\/p>\n\n\n\n<p>\u2022 Oposici\u00f3n o supresi\u00f3n de sus datos personales<\/p>\n\n\n\n<p>\u2022 Portabilidad de sus datos a terceras personas o entidades.<\/p>\n\n\n\n<p>Podr\u00e1n solicitar la ejecuci\u00f3n de estos derechos a trav\u00e9s de una solicitud al responsable, enviada a los medios de contacto que se describieron al inicio, debiendo identificarse adecuadamente y exponiendo claramente el motivo de su solicitud, deber\u00e1 adem\u00e1s indicarnos una direcci\u00f3n o datos de contacto para contestarle formalmente.<\/p>\n\n\n\n<p>El responsable se reserva el derecho a modificar la presente pol\u00edtica de privacidad sin previo aviso para adaptarla a novedades legislativas o nuevos tratamientos o pr\u00e1cticas empresariales.<\/p>\n","protected":false},"excerpt":{"rendered":"<p>Pol\u00edtica de Privacidad La informaci\u00f3n que a continuaci\u00f3n le ofrecemos, supone la declaraci\u00f3n de la Pol\u00edtica de Privacidad de Marbella Golf Country Club (Higuer\u00f3n Marbella Golf S.L.) que act\u00faa como Responsable del Tratamiento de sus datos. En esta declaraci\u00f3n recogemos toda la informaci\u00f3n de su inter\u00e9s siguiendo las directrices del Reglamento (UE) 2016\/679 del Parlamento [&#8230;]\n","protected":false},"author":1,"featured_media":1582,"parent":0,"menu_order":0,"comment_status":"closed","ping_status":"closed","template":"","meta":{"footnotes":""},"class_list":["post-2193","page","type-page","status-publish","has-post-thumbnail","hentry"],"yoast_head":"<!-- This site is optimized with the Yoast SEO plugin v27.3 - https:\/\/yoast.com\/product\/yoast-seo-wordpress\/ -->\n<title>Pol\u00edtica de Privacidad - Higuer\u00f3n Marbella Golf Resort<\/title>\n<meta name=\"robots\" content=\"index, follow, max-snippet:-1, max-image-preview:large, max-video-preview:-1\" \/>\n<link rel=\"canonical\" href=\"https:\/\/www.higueronmarbellagolfresort.com\/es\/politica-de-privacidad\/\" \/>\n<meta property=\"og:locale\" content=\"es_ES\" \/>\n<meta property=\"og:type\" content=\"article\" \/>\n<meta property=\"og:title\" content=\"Pol\u00edtica de Privacidad - Higuer\u00f3n Marbella Golf Resort\" \/>\n<meta property=\"og:description\" content=\"Pol\u00edtica de Privacidad La informaci\u00f3n que a continuaci\u00f3n le ofrecemos, supone la declaraci\u00f3n de la Pol\u00edtica de Privacidad de Marbella Golf Country Club (Higuer\u00f3n Marbella Golf S.L.) que act\u00faa como Responsable del Tratamiento de sus datos. En esta declaraci\u00f3n recogemos toda la informaci\u00f3n de su inter\u00e9s siguiendo las directrices del Reglamento (UE) 2016\/679 del Parlamento [...]\" \/>\n<meta property=\"og:url\" content=\"https:\/\/www.higueronmarbellagolfresort.com\/es\/politica-de-privacidad\/\" \/>\n<meta property=\"og:site_name\" content=\"Higuer\u00f3n Marbella Golf Resort\" \/>\n<meta property=\"article:publisher\" content=\"https:\/\/www.facebook.com\/MarbellaGolf\/\" \/>\n<meta property=\"article:modified_time\" content=\"2025-11-14T11:49:19+00:00\" \/>\n<meta property=\"og:image\" content=\"https:\/\/www.higueronmarbellagolfresort.com\/wp-content\/uploads\/2022\/05\/HOYO_09-4.jpg\" \/>\n\t<meta property=\"og:image:width\" content=\"1400\" \/>\n\t<meta property=\"og:image:height\" content=\"933\" \/>\n\t<meta property=\"og:image:type\" content=\"image\/jpeg\" \/>\n<meta name=\"twitter:card\" content=\"summary_large_image\" \/>\n<meta name=\"twitter:site\" content=\"@marbellagolf\" \/>\n<meta name=\"twitter:label1\" content=\"Tiempo de lectura\" \/>\n\t<meta name=\"twitter:data1\" content=\"5 minutos\" \/>\n<script type=\"application\/ld+json\" class=\"yoast-schema-graph\">{\"@context\":\"https:\\\/\\\/schema.org\",\"@graph\":[{\"@type\":\"WebPage\",\"@id\":\"https:\\\/\\\/www.higueronmarbellagolfresort.com\\\/es\\\/politica-de-privacidad\\\/\",\"url\":\"https:\\\/\\\/www.higueronmarbellagolfresort.com\\\/es\\\/politica-de-privacidad\\\/\",\"name\":\"Pol\u00edtica de Privacidad - Higuer\u00f3n Marbella Golf Resort\",\"isPartOf\":{\"@id\":\"https:\\\/\\\/www.higueronmarbellagolfresort.com\\\/#website\"},\"primaryImageOfPage\":{\"@id\":\"https:\\\/\\\/www.higueronmarbellagolfresort.com\\\/es\\\/politica-de-privacidad\\\/#primaryimage\"},\"image\":{\"@id\":\"https:\\\/\\\/www.higueronmarbellagolfresort.com\\\/es\\\/politica-de-privacidad\\\/#primaryimage\"},\"thumbnailUrl\":\"https:\\\/\\\/www.higueronmarbellagolfresort.com\\\/wp-content\\\/uploads\\\/2022\\\/05\\\/HOYO_09-4.jpg\",\"datePublished\":\"2022-03-28T14:27:08+00:00\",\"dateModified\":\"2025-11-14T11:49:19+00:00\",\"breadcrumb\":{\"@id\":\"https:\\\/\\\/www.higueronmarbellagolfresort.com\\\/es\\\/politica-de-privacidad\\\/#breadcrumb\"},\"inLanguage\":\"es\",\"potentialAction\":[{\"@type\":\"ReadAction\",\"target\":[\"https:\\\/\\\/www.higueronmarbellagolfresort.com\\\/es\\\/politica-de-privacidad\\\/\"]}]},{\"@type\":\"ImageObject\",\"inLanguage\":\"es\",\"@id\":\"https:\\\/\\\/www.higueronmarbellagolfresort.com\\\/es\\\/politica-de-privacidad\\\/#primaryimage\",\"url\":\"https:\\\/\\\/www.higueronmarbellagolfresort.com\\\/wp-content\\\/uploads\\\/2022\\\/05\\\/HOYO_09-4.jpg\",\"contentUrl\":\"https:\\\/\\\/www.higueronmarbellagolfresort.com\\\/wp-content\\\/uploads\\\/2022\\\/05\\\/HOYO_09-4.jpg\",\"width\":1400,\"height\":933,\"caption\":\"Hole 9\"},{\"@type\":\"BreadcrumbList\",\"@id\":\"https:\\\/\\\/www.higueronmarbellagolfresort.com\\\/es\\\/politica-de-privacidad\\\/#breadcrumb\",\"itemListElement\":[{\"@type\":\"ListItem\",\"position\":1,\"name\":\"Home\",\"item\":\"https:\\\/\\\/www.higueronmarbellagolfresort.com\\\/es\\\/\"},{\"@type\":\"ListItem\",\"position\":2,\"name\":\"Pol\u00edtica de Privacidad\"}]},{\"@type\":\"WebSite\",\"@id\":\"https:\\\/\\\/www.higueronmarbellagolfresort.com\\\/#website\",\"url\":\"https:\\\/\\\/www.higueronmarbellagolfresort.com\\\/\",\"name\":\"Higuer\u00f3n Marbella Golf Resort\",\"description\":\"El mejor campo de golf de Marbella\",\"publisher\":{\"@id\":\"https:\\\/\\\/www.higueronmarbellagolfresort.com\\\/#organization\"},\"potentialAction\":[{\"@type\":\"SearchAction\",\"target\":{\"@type\":\"EntryPoint\",\"urlTemplate\":\"https:\\\/\\\/www.higueronmarbellagolfresort.com\\\/?s={search_term_string}\"},\"query-input\":{\"@type\":\"PropertyValueSpecification\",\"valueRequired\":true,\"valueName\":\"search_term_string\"}}],\"inLanguage\":\"es\"},{\"@type\":\"Organization\",\"@id\":\"https:\\\/\\\/www.higueronmarbellagolfresort.com\\\/#organization\",\"name\":\"Marbella Golf Country Club\",\"url\":\"https:\\\/\\\/www.higueronmarbellagolfresort.com\\\/\",\"logo\":{\"@type\":\"ImageObject\",\"inLanguage\":\"es\",\"@id\":\"https:\\\/\\\/www.higueronmarbellagolfresort.com\\\/#\\\/schema\\\/logo\\\/image\\\/\",\"url\":\"https:\\\/\\\/www.higueronmarbellagolfresort.com\\\/wp-content\\\/uploads\\\/2026\\\/01\\\/MARBELLA_GOLF-01-scaled.png\",\"contentUrl\":\"https:\\\/\\\/www.higueronmarbellagolfresort.com\\\/wp-content\\\/uploads\\\/2026\\\/01\\\/MARBELLA_GOLF-01-scaled.png\",\"width\":2560,\"height\":1811,\"caption\":\"Marbella Golf Country Club\"},\"image\":{\"@id\":\"https:\\\/\\\/www.higueronmarbellagolfresort.com\\\/#\\\/schema\\\/logo\\\/image\\\/\"},\"sameAs\":[\"https:\\\/\\\/www.facebook.com\\\/MarbellaGolf\\\/\",\"https:\\\/\\\/x.com\\\/marbellagolf\",\"https:\\\/\\\/www.instagram.com\\\/marbellagolf\\\/\"]}]}<\/script>\n<!-- \/ Yoast SEO plugin. -->","yoast_head_json":{"title":"Pol\u00edtica de Privacidad - Higuer\u00f3n Marbella Golf Resort","robots":{"index":"index","follow":"follow","max-snippet":"max-snippet:-1","max-image-preview":"max-image-preview:large","max-video-preview":"max-video-preview:-1"},"canonical":"https:\/\/www.higueronmarbellagolfresort.com\/es\/politica-de-privacidad\/","og_locale":"es_ES","og_type":"article","og_title":"Pol\u00edtica de Privacidad - Higuer\u00f3n Marbella Golf Resort","og_description":"Pol\u00edtica de Privacidad La informaci\u00f3n que a continuaci\u00f3n le ofrecemos, supone la declaraci\u00f3n de la Pol\u00edtica de Privacidad de Marbella Golf Country Club (Higuer\u00f3n Marbella Golf S.L.) que act\u00faa como Responsable del Tratamiento de sus datos. En esta declaraci\u00f3n recogemos toda la informaci\u00f3n de su inter\u00e9s siguiendo las directrices del Reglamento (UE) 2016\/679 del Parlamento [...]","og_url":"https:\/\/www.higueronmarbellagolfresort.com\/es\/politica-de-privacidad\/","og_site_name":"Higuer\u00f3n Marbella Golf Resort","article_publisher":"https:\/\/www.facebook.com\/MarbellaGolf\/","article_modified_time":"2025-11-14T11:49:19+00:00","og_image":[{"width":1400,"height":933,"url":"https:\/\/www.higueronmarbellagolfresort.com\/wp-content\/uploads\/2022\/05\/HOYO_09-4.jpg","type":"image\/jpeg"}],"twitter_card":"summary_large_image","twitter_site":"@marbellagolf","twitter_misc":{"Tiempo de lectura":"5 minutos"},"schema":{"@context":"https:\/\/schema.org","@graph":[{"@type":"WebPage","@id":"https:\/\/www.higueronmarbellagolfresort.com\/es\/politica-de-privacidad\/","url":"https:\/\/www.higueronmarbellagolfresort.com\/es\/politica-de-privacidad\/","name":"Pol\u00edtica de Privacidad - Higuer\u00f3n Marbella Golf Resort","isPartOf":{"@id":"https:\/\/www.higueronmarbellagolfresort.com\/#website"},"primaryImageOfPage":{"@id":"https:\/\/www.higueronmarbellagolfresort.com\/es\/politica-de-privacidad\/#primaryimage"},"image":{"@id":"https:\/\/www.higueronmarbellagolfresort.com\/es\/politica-de-privacidad\/#primaryimage"},"thumbnailUrl":"https:\/\/www.higueronmarbellagolfresort.com\/wp-content\/uploads\/2022\/05\/HOYO_09-4.jpg","datePublished":"2022-03-28T14:27:08+00:00","dateModified":"2025-11-14T11:49:19+00:00","breadcrumb":{"@id":"https:\/\/www.higueronmarbellagolfresort.com\/es\/politica-de-privacidad\/#breadcrumb"},"inLanguage":"es","potentialAction":[{"@type":"ReadAction","target":["https:\/\/www.higueronmarbellagolfresort.com\/es\/politica-de-privacidad\/"]}]},{"@type":"ImageObject","inLanguage":"es","@id":"https:\/\/www.higueronmarbellagolfresort.com\/es\/politica-de-privacidad\/#primaryimage","url":"https:\/\/www.higueronmarbellagolfresort.com\/wp-content\/uploads\/2022\/05\/HOYO_09-4.jpg","contentUrl":"https:\/\/www.higueronmarbellagolfresort.com\/wp-content\/uploads\/2022\/05\/HOYO_09-4.jpg","width":1400,"height":933,"caption":"Hole 9"},{"@type":"BreadcrumbList","@id":"https:\/\/www.higueronmarbellagolfresort.com\/es\/politica-de-privacidad\/#breadcrumb","itemListElement":[{"@type":"ListItem","position":1,"name":"Home","item":"https:\/\/www.higueronmarbellagolfresort.com\/es\/"},{"@type":"ListItem","position":2,"name":"Pol\u00edtica de Privacidad"}]},{"@type":"WebSite","@id":"https:\/\/www.higueronmarbellagolfresort.com\/#website","url":"https:\/\/www.higueronmarbellagolfresort.com\/","name":"Higuer\u00f3n Marbella Golf Resort","description":"El mejor campo de golf de Marbella","publisher":{"@id":"https:\/\/www.higueronmarbellagolfresort.com\/#organization"},"potentialAction":[{"@type":"SearchAction","target":{"@type":"EntryPoint","urlTemplate":"https:\/\/www.higueronmarbellagolfresort.com\/?s={search_term_string}"},"query-input":{"@type":"PropertyValueSpecification","valueRequired":true,"valueName":"search_term_string"}}],"inLanguage":"es"},{"@type":"Organization","@id":"https:\/\/www.higueronmarbellagolfresort.com\/#organization","name":"Marbella Golf Country Club","url":"https:\/\/www.higueronmarbellagolfresort.com\/","logo":{"@type":"ImageObject","inLanguage":"es","@id":"https:\/\/www.higueronmarbellagolfresort.com\/#\/schema\/logo\/image\/","url":"https:\/\/www.higueronmarbellagolfresort.com\/wp-content\/uploads\/2026\/01\/MARBELLA_GOLF-01-scaled.png","contentUrl":"https:\/\/www.higueronmarbellagolfresort.com\/wp-content\/uploads\/2026\/01\/MARBELLA_GOLF-01-scaled.png","width":2560,"height":1811,"caption":"Marbella Golf Country Club"},"image":{"@id":"https:\/\/www.higueronmarbellagolfresort.com\/#\/schema\/logo\/image\/"},"sameAs":["https:\/\/www.facebook.com\/MarbellaGolf\/","https:\/\/x.com\/marbellagolf","https:\/\/www.instagram.com\/marbellagolf\/"]}]}},"_links":{"self":[{"href":"https:\/\/www.higueronmarbellagolfresort.com\/es\/wp-json\/wp\/v2\/pages\/2193","targetHints":{"allow":["GET"]}}],"collection":[{"href":"https:\/\/www.higueronmarbellagolfresort.com\/es\/wp-json\/wp\/v2\/pages"}],"about":[{"href":"https:\/\/www.higueronmarbellagolfresort.com\/es\/wp-json\/wp\/v2\/types\/page"}],"author":[{"embeddable":true,"href":"https:\/\/www.higueronmarbellagolfresort.com\/es\/wp-json\/wp\/v2\/users\/1"}],"replies":[{"embeddable":true,"href":"https:\/\/www.higueronmarbellagolfresort.com\/es\/wp-json\/wp\/v2\/comments?post=2193"}],"version-history":[{"count":7,"href":"https:\/\/www.higueronmarbellagolfresort.com\/es\/wp-json\/wp\/v2\/pages\/2193\/revisions"}],"predecessor-version":[{"id":17568,"href":"https:\/\/www.higueronmarbellagolfresort.com\/es\/wp-json\/wp\/v2\/pages\/2193\/revisions\/17568"}],"wp:featuredmedia":[{"embeddable":true,"href":"https:\/\/www.higueronmarbellagolfresort.com\/es\/wp-json\/wp\/v2\/media\/1582"}],"wp:attachment":[{"href":"https:\/\/www.higueronmarbellagolfresort.com\/es\/wp-json\/wp\/v2\/media?parent=2193"}],"curies":[{"name":"wp","href":"https:\/\/api.w.org\/{rel}","templated":true}]}}