{"id":2203,"date":"2022-07-07T12:13:44","date_gmt":"2022-07-07T10:13:44","guid":{"rendered":"https:\/\/www.higueronmarbellagolfresort.com\/?page_id=2203"},"modified":"2025-11-14T13:49:08","modified_gmt":"2025-11-14T11:49:08","slug":"aviso-legal","status":"publish","type":"page","link":"https:\/\/www.higueronmarbellagolfresort.com\/es\/aviso-legal\/","title":{"rendered":"Aviso Legal"},"content":{"rendered":"\n<h1 class=\"wp-block-heading\">Aviso Legal<\/h1>\n\n\n\n<p><strong>1. DATOS IDENTIFICATIVOS<\/strong><\/p>\n\n\n\n<p>En cumplimiento del deber de informaci\u00f3n recogido en art\u00edculo 10 de la Ley 34\/2002, de 11 de julio, de Servicios de la Sociedad de la Informaci\u00f3n y del Comercio Electr\u00f3nico a continuaci\u00f3n se reflejan los siguientes datos: la empresa titular de dominio web es Higuer\u00f3n Marbella Golf S.L. (en adelante Marbella Golf Country Club), con domicilio a estos efectos en Autov\u00eda A-7, Km. 188, 29604 Marbella, n\u00famero de C.I.F.: B-29492592 inscrita en el Registro Mercantil de M\u00e1laga n\u00famero de protocolo 1118, tomo 1131, libro 44, folio 88, hoja MA-2281. Correo electr\u00f3nico de contacto:\u00a0<a href=\"mailto:info@marbellagolf.com\">info@marbellagolf.com<\/a>\u00a0del sitio web.<\/p>\n\n\n\n<p><strong>2. USUARIOS<\/strong><\/p>\n\n\n\n<p>El acceso y\/o uso de este portal de Marbella Golf Country Club atribuye la condici\u00f3n de USUARIO, que acepta, desde dicho acceso y\/o uso, las Condiciones Generales de Uso aqu\u00ed reflejadas. Las citadas Condiciones ser\u00e1n de aplicaci\u00f3n independientemente de las Condiciones Generales de Contrataci\u00f3n que en su caso resulten de obligado cumplimiento.<\/p>\n\n\n\n<p><strong>3. USO DEL PORTAL<\/strong><\/p>\n\n\n\n<p><a href=\"http:\/\/www.higueronmarbellagolfresort.com\/\" target=\"_blank\" rel=\"noreferrer noopener\">www.higueronmarbellagolfresort.com<\/a>&nbsp;proporciona el acceso a multitud de informaciones, servicios, programas o datos (en adelante, \u201clos contenidos\u201d) en Internet pertenecientes a Marbella Golf Country Club o a sus licenciantes a los que el USUARIO pueda tener acceso. El USUARIO asume la responsabilidad del uso del portal. Dicha responsabilidad se extiende al registro que fuese necesario para acceder a determinados servicios o contenidos. En dicho registro el USUARIO ser\u00e1 responsable de aportar informaci\u00f3n veraz y l\u00edcita. Como consecuencia de este registro, al USUARIO se le puede proporcionar una contrase\u00f1a de la que ser\u00e1 responsable, comprometi\u00e9ndose a hacer un uso diligente y confidencial de la misma. El USUARIO se compromete a hacer un uso adecuado de los contenidos y servicios (como por ejemplo servicios de chat, foros de discusi\u00f3n o grupos de noticias) que Marbella Golf Country Club ofrece a trav\u00e9s de su portal y con car\u00e1cter enunciativo pero no limitativo, a no emplearlos para: incurrir en actividades il\u00edcitas, ilegales o contrarias a la buena fe y al orden p\u00fablico; difundir contenidos o propaganda de car\u00e1cter racista, xen\u00f3fobo, pornogr\u00e1fico-ilegal, de apolog\u00eda del terrorismo o atentatorio contra los derechos humanos; provocar da\u00f1os en los sistemas f\u00edsicos y l\u00f3gicos de Marbella Golf Country Club, de sus proveedores o de terceras personas, introducir o difundir en la red virus inform\u00e1ticos o cualesquiera otros sistemas f\u00edsicos o l\u00f3gicos que sean susceptibles de provocar los da\u00f1os anteriormente mencionados; intentar acceder y, en su caso, utilizar las cuentas de correo electr\u00f3nico de otros usuarios y modificar o manipular sus mensajes. Marbella Golf Country Club se reserva el derecho de retirar todos aquellos comentarios y aportaciones que vulneren el respeto a la dignidad de la persona, que sean discriminatorios, xen\u00f3fobos, racistas, pornogr\u00e1ficos, que atenten contra la juventud o la infancia, el orden o la seguridad p\u00fablica o que, a su juicio, no resultaran adecuados para su publicaci\u00f3n. En cualquier caso, Marbella Golf Country Club no ser\u00e1 responsable de las opiniones vertidas por los usuarios a trav\u00e9s de los foros, chats, u otras herramientas de participaci\u00f3n.<\/p>\n\n\n\n<p><strong>4. PROTECCI\u00d3N DE DATOS<\/strong><\/p>\n\n\n\n<p>De acuerdo con lo establecido en la ley 15\/1999 de 13 de diciembre, sobre Protecci\u00f3n de Datos de Car\u00e1cter Personal, y el Reglamento (UE) 2016\/679 del Parlamento Europeo, Marbella Golf Country Club le informa de que los datos de car\u00e1cter personal recabados a trav\u00e9s de los distintos formularios del Sitio Web podr\u00e1n ser incorporados a ficheros propiedad de Marbella Golf Country Club con las finalidades que en cada caso y para cada producto o servicio se especifiquen. En cada uno de dichos formularios Marbella Golf Country Club le informar\u00e1 sobre la finalidad y uso de los datos recabados, el car\u00e1cter obligatorio o facultativo de sus respuestas, as\u00ed como las consecuencias de la negativa a suministrarlas. Pueden consultar nuestra Pol\u00edtica de Privacidad en&nbsp;<a href=\"https:\/\/www.higueronmarbellagolfresort.com\/uncategorized\/privacidad\/\" target=\"_blank\" rel=\"noreferrer noopener\">https:\/\/www.higueronmarbellagolfresort.com\/es\/privacidad<\/a><\/p>\n\n\n\n<p>Dado que la informaci\u00f3n aportada en los formularios se supone siempre suministrada directamente por el usuario, \u00e9ste garantiza y responde en cualquier caso de la certeza, veracidad, exactitud, vigencia y autenticidad de los datos de car\u00e1cter personal suministrados, comprometi\u00e9ndose a mantenerlos debidamente actualizados.<\/p>\n\n\n\n<p>Marbella Golf Country Club garantiza que ha adoptado las medidas de car\u00e1cter t\u00e9cnico y organizativo oportunas de seguridad en sus instalaciones, sistemas y ficheros, de conformidad con lo establecido en el Real Decreto 1720\/2007 de 21 de diciembre, por el que se aprueban las Medidas de Seguridad aplicables a ficheros Automatizados con Datos de Car\u00e1cter Personal y dem\u00e1s normativa de desarrollo. No obstante, Marbella Golf Country Club podr\u00e1 revelar a las autoridades p\u00fablicas competentes los datos de car\u00e1cter personal y cualquier otra informaci\u00f3n que est\u00e9 en su poder a trav\u00e9s de sus sistemas inform\u00e1ticos y que le sea requerida de conformidad con las disposiciones legales y reglamentarias aplicables al caso.<\/p>\n\n\n\n<p><strong>5. PROPIEDAD INTELECTUAL E INDUSTRIAL<\/strong><\/p>\n\n\n\n<p>Marbella Golf Country Club por s\u00ed o como cesionaria, es titular de todos los derechos de propiedad intelectual e industrial de su p\u00e1gina web, as\u00ed como de los elementos contenidos en la misma (a t\u00edtulo enunciativo, im\u00e1genes, sonido, audio, v\u00eddeo, software o textos; marcas o logotipos, combinaciones de colores, estructura y dise\u00f1o, selecci\u00f3n de materiales usados, programas de ordenador necesarios para su funcionamiento, acceso y uso, etc.), titularidad de Marbella Golf Country Club o bien de sus licenciantes.<\/p>\n\n\n\n<p>Todos los derechos reservados. En virtud de lo dispuesto en los art\u00edculos 8 y 32.1, p\u00e1rrafo segundo, de la Ley de Propiedad Intelectual, quedan expresamente prohibidas la reproducci\u00f3n, la distribuci\u00f3n y la comunicaci\u00f3n p\u00fablica, incluida su modalidad de puesta a disposici\u00f3n, de la totalidad o parte de los contenidos de esta p\u00e1gina web, con fines comerciales, en cualquier soporte y por cualquier medio t\u00e9cnico, sin la autorizaci\u00f3n de Marbella Golf Country Club El USUARIO se compromete a respetar los derechos de Propiedad Intelectual e Industrial titularidad de Marbella Golf Country Club Podr\u00e1 visualizar los elementos del portal e incluso imprimirlos, copiarlos y almacenarlos en el disco duro de su ordenador o en cualquier otro soporte f\u00edsico siempre y cuando sea, \u00fanica y exclusivamente, para su uso personal y privado. El USUARIO deber\u00e1 abstenerse de suprimir, alterar, eludir o manipular cualquier dispositivo de protecci\u00f3n o sistema de seguridad que estuviera instalado en el las p\u00e1ginas de Marbella Golf Country Club.<\/p>\n\n\n\n<p><strong>6. EXCLUSI\u00d3N DE GARANT\u00cdAS Y RESPONSABILIDAD<\/strong><\/p>\n\n\n\n<p>Marbella Golf Country Club no se hace responsable, en ning\u00fan caso, de los da\u00f1os y perjuicios de cualquier naturaleza que pudieran ocasionar, a t\u00edtulo enunciativo: errores u omisiones en los contenidos, falta de disponibilidad del portal o la transmisi\u00f3n de virus o programas maliciosos o lesivos en los contenidos, a pesar de haber adoptado todas las medidas tecnol\u00f3gicas necesarias para evitarlo.<\/p>\n\n\n\n<p><strong>7. MODIFICACIONES<\/strong><\/p>\n\n\n\n<p>Marbella Golf Country Club se reserva el derecho de efectuar sin previo aviso las modificaciones que considere oportunas en su portal, pudiendo cambiar, suprimir o a\u00f1adir tanto los contenidos y servicios que se presten a trav\u00e9s de la misma como la forma en la que \u00e9stos aparezcan presentados o localizados en su portal.<\/p>\n\n\n\n<p><strong>8. ENLACES<\/strong><\/p>\n\n\n\n<p>En el caso de que en&nbsp;<a href=\"http:\/\/www.higueronmarbellagolfresort.com\/\" target=\"_blank\" rel=\"noreferrer noopener\">www.higueronmarbellagolfresort.com<\/a>&nbsp;se dispusiesen enlaces o hiperv\u00ednculos hac\u00eda otros sitios de Internet, Marbella Golf Country Club no ejercer\u00e1 ning\u00fan tipo de control sobre dichos sitios y contenidos. En ning\u00fan caso Marbella Golf Country Club asumir\u00e1 responsabilidad alguna por los contenidos de alg\u00fan enlace perteneciente a un sitio web ajeno, ni garantizar\u00e1 la disponibilidad t\u00e9cnica, calidad, fiabilidad, exactitud, amplitud, veracidad, validez y constitucionalidad de cualquier material o informaci\u00f3n contenida en ninguno de dichos hiperv\u00ednculos u otros sitios de Internet.<\/p>\n\n\n\n<p>Igualmente, la inclusi\u00f3n de estas conexiones externas no implicar\u00e1 ning\u00fan tipo de asociaci\u00f3n, fusi\u00f3n o participaci\u00f3n con las entidades conectadas.<\/p>\n\n\n\n<p><strong>9. DERECHO DE EXCLUSI\u00d3N<\/strong><\/p>\n\n\n\n<p>Marbella Golf Country Club se reserva el derecho a denegar o retirar el acceso a portal y\/o los servicios ofrecidos sin necesidad de preaviso, a instancia propia o de un tercero, a aquellos usuarios que incumplan las presentes Condiciones Generales de Uso.<\/p>\n\n\n\n<p><strong>10.GENERALIDADES<\/strong><\/p>\n\n\n\n<p>Marbella Golf Country Club perseguir\u00e1 el incumplimiento de las presentes condiciones, as\u00ed como cualquier utilizaci\u00f3n indebida de su portal ejerciendo todas las acciones civiles y penales que le puedan corresponder en derecho.<\/p>\n\n\n\n<p><strong>11.MODIFICACI\u00d3N DE LAS PRESENTES CONDICIONES Y DURACI\u00d3N<\/strong><\/p>\n\n\n\n<p>Marbella Golf Country Club podr\u00e1 modificar en cualquier momento las condiciones aqu\u00ed determinadas, siendo debidamente publicadas como aqu\u00ed aparecen.<\/p>\n\n\n\n<p>La vigencia de las citadas condiciones ir\u00e1 en funci\u00f3n de su exposici\u00f3n y estar\u00e1n vigentes hasta debidamente publicadas. que sean modificadas por otras.<\/p>\n\n\n\n<p><strong>12. LEGISLACI\u00d3N APLICABLE Y JURISDICCI\u00d3N<\/strong><\/p>\n\n\n\n<p>La relaci\u00f3n entre Marbella Golf Country Club y el USUARIO se regir\u00e1 por la normativa espa\u00f1ola vigente y cualquier controversia se someter\u00e1 a los Juzgados y tribunales de la ciudad de Marbella.<\/p>\n","protected":false},"excerpt":{"rendered":"<p>Aviso Legal 1. DATOS IDENTIFICATIVOS En cumplimiento del deber de informaci\u00f3n recogido en art\u00edculo 10 de la Ley 34\/2002, de 11 de julio, de Servicios de la Sociedad de la Informaci\u00f3n y del Comercio Electr\u00f3nico a continuaci\u00f3n se reflejan los siguientes datos: la empresa titular de dominio web es Higuer\u00f3n Marbella Golf S.L. (en adelante [&#8230;]\n","protected":false},"author":1,"featured_media":0,"parent":0,"menu_order":0,"comment_status":"closed","ping_status":"closed","template":"","meta":{"footnotes":""},"class_list":["post-2203","page","type-page","status-publish","hentry"],"yoast_head":"<!-- This site is optimized with the Yoast SEO plugin v27.3 - https:\/\/yoast.com\/product\/yoast-seo-wordpress\/ -->\n<title>Aviso Legal - Higuer\u00f3n Marbella Golf Resort<\/title>\n<meta name=\"robots\" content=\"index, follow, max-snippet:-1, max-image-preview:large, max-video-preview:-1\" \/>\n<link rel=\"canonical\" href=\"https:\/\/www.higueronmarbellagolfresort.com\/es\/aviso-legal\/\" \/>\n<meta property=\"og:locale\" content=\"es_ES\" \/>\n<meta property=\"og:type\" content=\"article\" \/>\n<meta property=\"og:title\" content=\"Aviso Legal - Higuer\u00f3n Marbella Golf Resort\" \/>\n<meta property=\"og:description\" content=\"Aviso Legal 1. DATOS IDENTIFICATIVOS En cumplimiento del deber de informaci\u00f3n recogido en art\u00edculo 10 de la Ley 34\/2002, de 11 de julio, de Servicios de la Sociedad de la Informaci\u00f3n y del Comercio Electr\u00f3nico a continuaci\u00f3n se reflejan los siguientes datos: la empresa titular de dominio web es Higuer\u00f3n Marbella Golf S.L. (en adelante [...]\" \/>\n<meta property=\"og:url\" content=\"https:\/\/www.higueronmarbellagolfresort.com\/es\/aviso-legal\/\" \/>\n<meta property=\"og:site_name\" content=\"Higuer\u00f3n Marbella Golf Resort\" \/>\n<meta property=\"article:publisher\" content=\"https:\/\/www.facebook.com\/MarbellaGolf\/\" \/>\n<meta property=\"article:modified_time\" content=\"2025-11-14T11:49:08+00:00\" \/>\n<meta name=\"twitter:card\" content=\"summary_large_image\" \/>\n<meta name=\"twitter:site\" content=\"@marbellagolf\" \/>\n<meta name=\"twitter:label1\" content=\"Tiempo de lectura\" \/>\n\t<meta name=\"twitter:data1\" content=\"7 minutos\" \/>\n<script type=\"application\/ld+json\" class=\"yoast-schema-graph\">{\"@context\":\"https:\\\/\\\/schema.org\",\"@graph\":[{\"@type\":\"WebPage\",\"@id\":\"https:\\\/\\\/www.higueronmarbellagolfresort.com\\\/es\\\/aviso-legal\\\/\",\"url\":\"https:\\\/\\\/www.higueronmarbellagolfresort.com\\\/es\\\/aviso-legal\\\/\",\"name\":\"Aviso Legal - Higuer\u00f3n Marbella Golf Resort\",\"isPartOf\":{\"@id\":\"https:\\\/\\\/www.higueronmarbellagolfresort.com\\\/#website\"},\"datePublished\":\"2022-07-07T10:13:44+00:00\",\"dateModified\":\"2025-11-14T11:49:08+00:00\",\"breadcrumb\":{\"@id\":\"https:\\\/\\\/www.higueronmarbellagolfresort.com\\\/es\\\/aviso-legal\\\/#breadcrumb\"},\"inLanguage\":\"es\",\"potentialAction\":[{\"@type\":\"ReadAction\",\"target\":[\"https:\\\/\\\/www.higueronmarbellagolfresort.com\\\/es\\\/aviso-legal\\\/\"]}]},{\"@type\":\"BreadcrumbList\",\"@id\":\"https:\\\/\\\/www.higueronmarbellagolfresort.com\\\/es\\\/aviso-legal\\\/#breadcrumb\",\"itemListElement\":[{\"@type\":\"ListItem\",\"position\":1,\"name\":\"Home\",\"item\":\"https:\\\/\\\/www.higueronmarbellagolfresort.com\\\/es\\\/\"},{\"@type\":\"ListItem\",\"position\":2,\"name\":\"Aviso Legal\"}]},{\"@type\":\"WebSite\",\"@id\":\"https:\\\/\\\/www.higueronmarbellagolfresort.com\\\/#website\",\"url\":\"https:\\\/\\\/www.higueronmarbellagolfresort.com\\\/\",\"name\":\"Higuer\u00f3n Marbella Golf Resort\",\"description\":\"El mejor campo de golf de Marbella\",\"publisher\":{\"@id\":\"https:\\\/\\\/www.higueronmarbellagolfresort.com\\\/#organization\"},\"potentialAction\":[{\"@type\":\"SearchAction\",\"target\":{\"@type\":\"EntryPoint\",\"urlTemplate\":\"https:\\\/\\\/www.higueronmarbellagolfresort.com\\\/?s={search_term_string}\"},\"query-input\":{\"@type\":\"PropertyValueSpecification\",\"valueRequired\":true,\"valueName\":\"search_term_string\"}}],\"inLanguage\":\"es\"},{\"@type\":\"Organization\",\"@id\":\"https:\\\/\\\/www.higueronmarbellagolfresort.com\\\/#organization\",\"name\":\"Marbella Golf Country Club\",\"url\":\"https:\\\/\\\/www.higueronmarbellagolfresort.com\\\/\",\"logo\":{\"@type\":\"ImageObject\",\"inLanguage\":\"es\",\"@id\":\"https:\\\/\\\/www.higueronmarbellagolfresort.com\\\/#\\\/schema\\\/logo\\\/image\\\/\",\"url\":\"https:\\\/\\\/www.higueronmarbellagolfresort.com\\\/wp-content\\\/uploads\\\/2026\\\/01\\\/MARBELLA_GOLF-01-scaled.png\",\"contentUrl\":\"https:\\\/\\\/www.higueronmarbellagolfresort.com\\\/wp-content\\\/uploads\\\/2026\\\/01\\\/MARBELLA_GOLF-01-scaled.png\",\"width\":2560,\"height\":1811,\"caption\":\"Marbella Golf Country Club\"},\"image\":{\"@id\":\"https:\\\/\\\/www.higueronmarbellagolfresort.com\\\/#\\\/schema\\\/logo\\\/image\\\/\"},\"sameAs\":[\"https:\\\/\\\/www.facebook.com\\\/MarbellaGolf\\\/\",\"https:\\\/\\\/x.com\\\/marbellagolf\",\"https:\\\/\\\/www.instagram.com\\\/marbellagolf\\\/\"]}]}<\/script>\n<!-- \/ Yoast SEO plugin. -->","yoast_head_json":{"title":"Aviso Legal - Higuer\u00f3n Marbella Golf Resort","robots":{"index":"index","follow":"follow","max-snippet":"max-snippet:-1","max-image-preview":"max-image-preview:large","max-video-preview":"max-video-preview:-1"},"canonical":"https:\/\/www.higueronmarbellagolfresort.com\/es\/aviso-legal\/","og_locale":"es_ES","og_type":"article","og_title":"Aviso Legal - Higuer\u00f3n Marbella Golf Resort","og_description":"Aviso Legal 1. DATOS IDENTIFICATIVOS En cumplimiento del deber de informaci\u00f3n recogido en art\u00edculo 10 de la Ley 34\/2002, de 11 de julio, de Servicios de la Sociedad de la Informaci\u00f3n y del Comercio Electr\u00f3nico a continuaci\u00f3n se reflejan los siguientes datos: la empresa titular de dominio web es Higuer\u00f3n Marbella Golf S.L. (en adelante [...]","og_url":"https:\/\/www.higueronmarbellagolfresort.com\/es\/aviso-legal\/","og_site_name":"Higuer\u00f3n Marbella Golf Resort","article_publisher":"https:\/\/www.facebook.com\/MarbellaGolf\/","article_modified_time":"2025-11-14T11:49:08+00:00","twitter_card":"summary_large_image","twitter_site":"@marbellagolf","twitter_misc":{"Tiempo de lectura":"7 minutos"},"schema":{"@context":"https:\/\/schema.org","@graph":[{"@type":"WebPage","@id":"https:\/\/www.higueronmarbellagolfresort.com\/es\/aviso-legal\/","url":"https:\/\/www.higueronmarbellagolfresort.com\/es\/aviso-legal\/","name":"Aviso Legal - Higuer\u00f3n Marbella Golf Resort","isPartOf":{"@id":"https:\/\/www.higueronmarbellagolfresort.com\/#website"},"datePublished":"2022-07-07T10:13:44+00:00","dateModified":"2025-11-14T11:49:08+00:00","breadcrumb":{"@id":"https:\/\/www.higueronmarbellagolfresort.com\/es\/aviso-legal\/#breadcrumb"},"inLanguage":"es","potentialAction":[{"@type":"ReadAction","target":["https:\/\/www.higueronmarbellagolfresort.com\/es\/aviso-legal\/"]}]},{"@type":"BreadcrumbList","@id":"https:\/\/www.higueronmarbellagolfresort.com\/es\/aviso-legal\/#breadcrumb","itemListElement":[{"@type":"ListItem","position":1,"name":"Home","item":"https:\/\/www.higueronmarbellagolfresort.com\/es\/"},{"@type":"ListItem","position":2,"name":"Aviso Legal"}]},{"@type":"WebSite","@id":"https:\/\/www.higueronmarbellagolfresort.com\/#website","url":"https:\/\/www.higueronmarbellagolfresort.com\/","name":"Higuer\u00f3n Marbella Golf Resort","description":"El mejor campo de golf de Marbella","publisher":{"@id":"https:\/\/www.higueronmarbellagolfresort.com\/#organization"},"potentialAction":[{"@type":"SearchAction","target":{"@type":"EntryPoint","urlTemplate":"https:\/\/www.higueronmarbellagolfresort.com\/?s={search_term_string}"},"query-input":{"@type":"PropertyValueSpecification","valueRequired":true,"valueName":"search_term_string"}}],"inLanguage":"es"},{"@type":"Organization","@id":"https:\/\/www.higueronmarbellagolfresort.com\/#organization","name":"Marbella Golf Country Club","url":"https:\/\/www.higueronmarbellagolfresort.com\/","logo":{"@type":"ImageObject","inLanguage":"es","@id":"https:\/\/www.higueronmarbellagolfresort.com\/#\/schema\/logo\/image\/","url":"https:\/\/www.higueronmarbellagolfresort.com\/wp-content\/uploads\/2026\/01\/MARBELLA_GOLF-01-scaled.png","contentUrl":"https:\/\/www.higueronmarbellagolfresort.com\/wp-content\/uploads\/2026\/01\/MARBELLA_GOLF-01-scaled.png","width":2560,"height":1811,"caption":"Marbella Golf Country Club"},"image":{"@id":"https:\/\/www.higueronmarbellagolfresort.com\/#\/schema\/logo\/image\/"},"sameAs":["https:\/\/www.facebook.com\/MarbellaGolf\/","https:\/\/x.com\/marbellagolf","https:\/\/www.instagram.com\/marbellagolf\/"]}]}},"_links":{"self":[{"href":"https:\/\/www.higueronmarbellagolfresort.com\/es\/wp-json\/wp\/v2\/pages\/2203","targetHints":{"allow":["GET"]}}],"collection":[{"href":"https:\/\/www.higueronmarbellagolfresort.com\/es\/wp-json\/wp\/v2\/pages"}],"about":[{"href":"https:\/\/www.higueronmarbellagolfresort.com\/es\/wp-json\/wp\/v2\/types\/page"}],"author":[{"embeddable":true,"href":"https:\/\/www.higueronmarbellagolfresort.com\/es\/wp-json\/wp\/v2\/users\/1"}],"replies":[{"embeddable":true,"href":"https:\/\/www.higueronmarbellagolfresort.com\/es\/wp-json\/wp\/v2\/comments?post=2203"}],"version-history":[{"count":6,"href":"https:\/\/www.higueronmarbellagolfresort.com\/es\/wp-json\/wp\/v2\/pages\/2203\/revisions"}],"predecessor-version":[{"id":17567,"href":"https:\/\/www.higueronmarbellagolfresort.com\/es\/wp-json\/wp\/v2\/pages\/2203\/revisions\/17567"}],"wp:attachment":[{"href":"https:\/\/www.higueronmarbellagolfresort.com\/es\/wp-json\/wp\/v2\/media?parent=2203"}],"curies":[{"name":"wp","href":"https:\/\/api.w.org\/{rel}","templated":true}]}}