{"id":2210,"date":"2022-07-07T12:16:12","date_gmt":"2022-07-07T12:16:12","guid":{"rendered":"https:\/\/www.higueronmarbellagolfresort.com\/?page_id=2210"},"modified":"2022-07-07T12:16:58","modified_gmt":"2022-07-07T12:16:58","slug":"politica-de-cookies","status":"publish","type":"page","link":"https:\/\/www.higueronmarbellagolfresort.com\/es\/politica-de-cookies\/","title":{"rendered":"Pol\u00edtica de Cookies"},"content":{"rendered":"\n<h1 class=\"wp-block-heading\">Pol\u00edtica de Cookies<\/h1>\n\n\n\n<p>Utilizamos cookies para facilitar el uso de nuestra p\u00e1gina web. Las cookies son peque\u00f1os ficheros de informaci\u00f3n que nos permiten comparar y entender c\u00f3mo nuestros usuarios navegan a trav\u00e9s de nuestra p\u00e1gina web y, de esta manera, poder mejorar consecuentemente el proceso de navegaci\u00f3n. Las cookies que utilizamos no almacenan dato personal alguno ni ning\u00fan tipo de informaci\u00f3n que pueda identificarle. En caso de no querer recibir cookies, por favor configura tu navegador de Internet para que las borre del disco duro de tu ordenador, las bloquee o te avise en caso de instalaci\u00f3n de las mismas. Para continuar sin cambios en la configuraci\u00f3n de las cookies, simplemente contin\u00faa en la p\u00e1gina web.<\/p>\n\n\n\n<p>Los tipos de cookies que utilizamos:<\/p>\n\n\n\n<p><strong>Anal\u00edtica<\/strong><\/p>\n\n\n\n<p>Google Analytics es una herramienta gratuita de an\u00e1lisis web de Google que principalmente permite a los propietarios de sitios web conocer c\u00f3mo interact\u00faan los usuarios con su sitio web. Asimismo, habilita cookies en el dominio del sitio en el que te encuentras y utiliza un conjunto de cookies denominadas \u201c__utma\u201d y \u201c__utmz\u201d para recopilar informaci\u00f3n de forma an\u00f3nima y elaborar informes de tendencias de sitios web sin identificar a usuarios individuales.<\/p>\n\n\n\n<p><strong>Maps<\/strong><\/p>\n\n\n\n<p>Google Maps se usa para mostrar mapas, en diferentes partes de la web, para mostrarlos correctamente se usan las siguientes cookies: khcookie, NID, SNID y PREF.<\/p>\n\n\n\n<p><strong>Si no quieres permitir el uso de cookies de nuestro sitio web, por favor sigue las siguientes instrucciones: Estos procedimientos est\u00e1n sometidos a actualizaci\u00f3n o modificaci\u00f3n por parte de los desarrolladores de los navegadores, por lo que no podemos garantizar que se ajusten completamente a la \u00faltima versi\u00f3n disponible en cada momento.<\/strong><\/p>\n\n\n\n<p><strong>Internet Explorer<\/strong><\/p>\n\n\n\n<p>En el men\u00fa \u201cHerramientas &gt; Opciones de Internet\u201d, dir\u00edgete a la pesta\u00f1a \u201cPrivacidad\u201d, selecciona la configuraci\u00f3n deseada y pulsa el bot\u00f3n de configuraci\u00f3n avanzada. Activa la casilla \u201cSobrescribir la administraci\u00f3n autom\u00e1tica de cookies\u201d. Marca las casillas \u201cActivar\u201d o \u201cBloquear\u201d. Recomendamos activar la opci\u00f3n \u201cAceptar siempre las cookies de sesi\u00f3n\u201d para permitir una navegaci\u00f3n \u00f3ptima por nuestro sitio web.<\/p>\n\n\n\n<p><strong>Firefox<\/strong><\/p>\n\n\n\n<p>En el men\u00fa \u201cHerramientas &gt; Opciones\u201d, dir\u00edgete a la pesta\u00f1a \u201cPrivacidad\u201d. Activa o desactiva la casilla \u201cAceptar cookies de las webs\u201d o \u201cdecir a los sitios web que no quiero ser rastreado\u201d, dependiendo de la versi\u00f3n de tu navegador. Tambi\u00e9n puedes eliminar las cookies instaladas pulsando sobre la opci\u00f3n \u201celiminar cookies de forma individual\u201d.<\/p>\n\n\n\n<p><strong>Chrome<\/strong><\/p>\n\n\n\n<p>En el men\u00fa \u201cHerramientas &gt; Configuraci\u00f3n\u201d, dir\u00edgete a la pesta\u00f1a \u201cPrivacidad &gt; Configuraci\u00f3n de contenido\u201d. Tras seleccionar la opci\u00f3n \u201cmostrar opciones avanzadas\u201d, selecciona tu configuraci\u00f3n de cookies favorita. Si no deseas permitir su instalaci\u00f3n, puedes seleccionar la opci\u00f3n \u201cbloquear los datos de sitios y las cookies de terceros\u201d.<\/p>\n\n\n\n<p><strong>Opera<\/strong><\/p>\n\n\n\n<p>En el men\u00fa \u201cConfiguraci\u00f3n &gt; Opciones\u201d, dir\u00edgete a la pesta\u00f1a \u201cAvanzado\u201d. En el men\u00fa \u201cCookies\u201d selecciona las opciones \u201cAceptar huellas\u201d o \u201cNo aceptar cookies nunca\u201d. Si deseas disponer de un mayor nivel de control sobre las cookies que se instalan en tu equipo, te recomendamos que selecciones la opci\u00f3n \u201cpreguntar antes de aceptar cookies\u201d.<\/p>\n\n\n\n<p><strong>Safari<\/strong><\/p>\n\n\n\n<p>En el men\u00fa \u201cHerramientas &gt; Preferencias\u201d, dir\u00edgete a la pesta\u00f1a \u201cSeguridad\u201d. En el men\u00fa \u201cAceptar cookies\u201d selecciona la casilla \u201cSiempre\u201d o \u201cNunca\u201d. Si dispones de un iPhone, deber\u00e1s acceder a \u201cConfiguraci\u00f3n &gt; Safari\u201d y all\u00ed seleccionar si aceptas o no las cookies.<\/p>\n\n\n\n<p>Si utilizas otro navegador, puedes obtener m\u00e1s informaci\u00f3n sobre c\u00f3mo configurar la instalaci\u00f3n de las cookies a trav\u00e9s de la secci\u00f3n de ayuda o asistencia de dicho navegador. Si necesitas ayuda para llevar a cabo la configuraci\u00f3n de las cookies con tu navegador, por favor, env\u00edanos un e-mail a info@marbellagolf.com y nos pondremos en contacto contigo lo antes posible con la informaci\u00f3n necesaria.<\/p>\n\n\n","protected":false},"excerpt":{"rendered":"<p>Pol\u00edtica de Cookies Utilizamos cookies para facilitar el uso de nuestra p\u00e1gina web. Las cookies son peque\u00f1os ficheros de informaci\u00f3n que nos permiten comparar y entender c\u00f3mo nuestros usuarios navegan a trav\u00e9s de nuestra p\u00e1gina web y, de esta manera, poder mejorar consecuentemente el proceso de navegaci\u00f3n. Las cookies que utilizamos no almacenan dato personal [&#8230;]\n","protected":false},"author":1,"featured_media":0,"parent":0,"menu_order":0,"comment_status":"closed","ping_status":"closed","template":"","meta":{"footnotes":""},"class_list":["post-2210","page","type-page","status-publish","hentry"],"yoast_head":"<!-- This site is optimized with the Yoast SEO plugin v27.3 - https:\/\/yoast.com\/product\/yoast-seo-wordpress\/ -->\n<title>Pol\u00edtica de Cookies - Higuer\u00f3n Marbella Golf Resort<\/title>\n<meta name=\"robots\" content=\"index, follow, max-snippet:-1, max-image-preview:large, max-video-preview:-1\" \/>\n<link rel=\"canonical\" href=\"https:\/\/www.higueronmarbellagolfresort.com\/es\/politica-de-cookies\/\" \/>\n<meta property=\"og:locale\" content=\"es_ES\" \/>\n<meta property=\"og:type\" content=\"article\" \/>\n<meta property=\"og:title\" content=\"Pol\u00edtica de Cookies - Higuer\u00f3n Marbella Golf Resort\" \/>\n<meta property=\"og:description\" content=\"Pol\u00edtica de Cookies Utilizamos cookies para facilitar el uso de nuestra p\u00e1gina web. Las cookies son peque\u00f1os ficheros de informaci\u00f3n que nos permiten comparar y entender c\u00f3mo nuestros usuarios navegan a trav\u00e9s de nuestra p\u00e1gina web y, de esta manera, poder mejorar consecuentemente el proceso de navegaci\u00f3n. Las cookies que utilizamos no almacenan dato personal [...]\" \/>\n<meta property=\"og:url\" content=\"https:\/\/www.higueronmarbellagolfresort.com\/es\/politica-de-cookies\/\" \/>\n<meta property=\"og:site_name\" content=\"Higuer\u00f3n Marbella Golf Resort\" \/>\n<meta property=\"article:publisher\" content=\"https:\/\/www.facebook.com\/MarbellaGolf\/\" \/>\n<meta property=\"article:modified_time\" content=\"2022-07-07T12:16:58+00:00\" \/>\n<meta name=\"twitter:card\" content=\"summary_large_image\" \/>\n<meta name=\"twitter:site\" content=\"@marbellagolf\" \/>\n<meta name=\"twitter:label1\" content=\"Tiempo de lectura\" \/>\n\t<meta name=\"twitter:data1\" content=\"3 minutos\" \/>\n<script type=\"application\/ld+json\" class=\"yoast-schema-graph\">{\"@context\":\"https:\\\/\\\/schema.org\",\"@graph\":[{\"@type\":\"WebPage\",\"@id\":\"https:\\\/\\\/www.higueronmarbellagolfresort.com\\\/es\\\/politica-de-cookies\\\/\",\"url\":\"https:\\\/\\\/www.higueronmarbellagolfresort.com\\\/es\\\/politica-de-cookies\\\/\",\"name\":\"Pol\u00edtica de Cookies - Higuer\u00f3n Marbella Golf Resort\",\"isPartOf\":{\"@id\":\"https:\\\/\\\/www.higueronmarbellagolfresort.com\\\/#website\"},\"datePublished\":\"2022-07-07T12:16:12+00:00\",\"dateModified\":\"2022-07-07T12:16:58+00:00\",\"breadcrumb\":{\"@id\":\"https:\\\/\\\/www.higueronmarbellagolfresort.com\\\/es\\\/politica-de-cookies\\\/#breadcrumb\"},\"inLanguage\":\"es\",\"potentialAction\":[{\"@type\":\"ReadAction\",\"target\":[\"https:\\\/\\\/www.higueronmarbellagolfresort.com\\\/es\\\/politica-de-cookies\\\/\"]}]},{\"@type\":\"BreadcrumbList\",\"@id\":\"https:\\\/\\\/www.higueronmarbellagolfresort.com\\\/es\\\/politica-de-cookies\\\/#breadcrumb\",\"itemListElement\":[{\"@type\":\"ListItem\",\"position\":1,\"name\":\"Home\",\"item\":\"https:\\\/\\\/www.higueronmarbellagolfresort.com\\\/es\\\/\"},{\"@type\":\"ListItem\",\"position\":2,\"name\":\"Pol\u00edtica de Cookies\"}]},{\"@type\":\"WebSite\",\"@id\":\"https:\\\/\\\/www.higueronmarbellagolfresort.com\\\/#website\",\"url\":\"https:\\\/\\\/www.higueronmarbellagolfresort.com\\\/\",\"name\":\"Higuer\u00f3n Marbella Golf Resort\",\"description\":\"El mejor campo de golf de Marbella\",\"publisher\":{\"@id\":\"https:\\\/\\\/www.higueronmarbellagolfresort.com\\\/#organization\"},\"potentialAction\":[{\"@type\":\"SearchAction\",\"target\":{\"@type\":\"EntryPoint\",\"urlTemplate\":\"https:\\\/\\\/www.higueronmarbellagolfresort.com\\\/?s={search_term_string}\"},\"query-input\":{\"@type\":\"PropertyValueSpecification\",\"valueRequired\":true,\"valueName\":\"search_term_string\"}}],\"inLanguage\":\"es\"},{\"@type\":\"Organization\",\"@id\":\"https:\\\/\\\/www.higueronmarbellagolfresort.com\\\/#organization\",\"name\":\"Marbella Golf Country Club\",\"url\":\"https:\\\/\\\/www.higueronmarbellagolfresort.com\\\/\",\"logo\":{\"@type\":\"ImageObject\",\"inLanguage\":\"es\",\"@id\":\"https:\\\/\\\/www.higueronmarbellagolfresort.com\\\/#\\\/schema\\\/logo\\\/image\\\/\",\"url\":\"https:\\\/\\\/www.higueronmarbellagolfresort.com\\\/wp-content\\\/uploads\\\/2026\\\/01\\\/MARBELLA_GOLF-01-scaled.png\",\"contentUrl\":\"https:\\\/\\\/www.higueronmarbellagolfresort.com\\\/wp-content\\\/uploads\\\/2026\\\/01\\\/MARBELLA_GOLF-01-scaled.png\",\"width\":2560,\"height\":1811,\"caption\":\"Marbella Golf Country Club\"},\"image\":{\"@id\":\"https:\\\/\\\/www.higueronmarbellagolfresort.com\\\/#\\\/schema\\\/logo\\\/image\\\/\"},\"sameAs\":[\"https:\\\/\\\/www.facebook.com\\\/MarbellaGolf\\\/\",\"https:\\\/\\\/x.com\\\/marbellagolf\",\"https:\\\/\\\/www.instagram.com\\\/marbellagolf\\\/\"]}]}<\/script>\n<!-- \/ Yoast SEO plugin. -->","yoast_head_json":{"title":"Pol\u00edtica de Cookies - Higuer\u00f3n Marbella Golf Resort","robots":{"index":"index","follow":"follow","max-snippet":"max-snippet:-1","max-image-preview":"max-image-preview:large","max-video-preview":"max-video-preview:-1"},"canonical":"https:\/\/www.higueronmarbellagolfresort.com\/es\/politica-de-cookies\/","og_locale":"es_ES","og_type":"article","og_title":"Pol\u00edtica de Cookies - Higuer\u00f3n Marbella Golf Resort","og_description":"Pol\u00edtica de Cookies Utilizamos cookies para facilitar el uso de nuestra p\u00e1gina web. Las cookies son peque\u00f1os ficheros de informaci\u00f3n que nos permiten comparar y entender c\u00f3mo nuestros usuarios navegan a trav\u00e9s de nuestra p\u00e1gina web y, de esta manera, poder mejorar consecuentemente el proceso de navegaci\u00f3n. Las cookies que utilizamos no almacenan dato personal [...]","og_url":"https:\/\/www.higueronmarbellagolfresort.com\/es\/politica-de-cookies\/","og_site_name":"Higuer\u00f3n Marbella Golf Resort","article_publisher":"https:\/\/www.facebook.com\/MarbellaGolf\/","article_modified_time":"2022-07-07T12:16:58+00:00","twitter_card":"summary_large_image","twitter_site":"@marbellagolf","twitter_misc":{"Tiempo de lectura":"3 minutos"},"schema":{"@context":"https:\/\/schema.org","@graph":[{"@type":"WebPage","@id":"https:\/\/www.higueronmarbellagolfresort.com\/es\/politica-de-cookies\/","url":"https:\/\/www.higueronmarbellagolfresort.com\/es\/politica-de-cookies\/","name":"Pol\u00edtica de Cookies - Higuer\u00f3n Marbella Golf Resort","isPartOf":{"@id":"https:\/\/www.higueronmarbellagolfresort.com\/#website"},"datePublished":"2022-07-07T12:16:12+00:00","dateModified":"2022-07-07T12:16:58+00:00","breadcrumb":{"@id":"https:\/\/www.higueronmarbellagolfresort.com\/es\/politica-de-cookies\/#breadcrumb"},"inLanguage":"es","potentialAction":[{"@type":"ReadAction","target":["https:\/\/www.higueronmarbellagolfresort.com\/es\/politica-de-cookies\/"]}]},{"@type":"BreadcrumbList","@id":"https:\/\/www.higueronmarbellagolfresort.com\/es\/politica-de-cookies\/#breadcrumb","itemListElement":[{"@type":"ListItem","position":1,"name":"Home","item":"https:\/\/www.higueronmarbellagolfresort.com\/es\/"},{"@type":"ListItem","position":2,"name":"Pol\u00edtica de Cookies"}]},{"@type":"WebSite","@id":"https:\/\/www.higueronmarbellagolfresort.com\/#website","url":"https:\/\/www.higueronmarbellagolfresort.com\/","name":"Higuer\u00f3n Marbella Golf Resort","description":"El mejor campo de golf de Marbella","publisher":{"@id":"https:\/\/www.higueronmarbellagolfresort.com\/#organization"},"potentialAction":[{"@type":"SearchAction","target":{"@type":"EntryPoint","urlTemplate":"https:\/\/www.higueronmarbellagolfresort.com\/?s={search_term_string}"},"query-input":{"@type":"PropertyValueSpecification","valueRequired":true,"valueName":"search_term_string"}}],"inLanguage":"es"},{"@type":"Organization","@id":"https:\/\/www.higueronmarbellagolfresort.com\/#organization","name":"Marbella Golf Country Club","url":"https:\/\/www.higueronmarbellagolfresort.com\/","logo":{"@type":"ImageObject","inLanguage":"es","@id":"https:\/\/www.higueronmarbellagolfresort.com\/#\/schema\/logo\/image\/","url":"https:\/\/www.higueronmarbellagolfresort.com\/wp-content\/uploads\/2026\/01\/MARBELLA_GOLF-01-scaled.png","contentUrl":"https:\/\/www.higueronmarbellagolfresort.com\/wp-content\/uploads\/2026\/01\/MARBELLA_GOLF-01-scaled.png","width":2560,"height":1811,"caption":"Marbella Golf Country Club"},"image":{"@id":"https:\/\/www.higueronmarbellagolfresort.com\/#\/schema\/logo\/image\/"},"sameAs":["https:\/\/www.facebook.com\/MarbellaGolf\/","https:\/\/x.com\/marbellagolf","https:\/\/www.instagram.com\/marbellagolf\/"]}]}},"_links":{"self":[{"href":"https:\/\/www.higueronmarbellagolfresort.com\/es\/wp-json\/wp\/v2\/pages\/2210","targetHints":{"allow":["GET"]}}],"collection":[{"href":"https:\/\/www.higueronmarbellagolfresort.com\/es\/wp-json\/wp\/v2\/pages"}],"about":[{"href":"https:\/\/www.higueronmarbellagolfresort.com\/es\/wp-json\/wp\/v2\/types\/page"}],"author":[{"embeddable":true,"href":"https:\/\/www.higueronmarbellagolfresort.com\/es\/wp-json\/wp\/v2\/users\/1"}],"replies":[{"embeddable":true,"href":"https:\/\/www.higueronmarbellagolfresort.com\/es\/wp-json\/wp\/v2\/comments?post=2210"}],"version-history":[{"count":1,"href":"https:\/\/www.higueronmarbellagolfresort.com\/es\/wp-json\/wp\/v2\/pages\/2210\/revisions"}],"predecessor-version":[{"id":2211,"href":"https:\/\/www.higueronmarbellagolfresort.com\/es\/wp-json\/wp\/v2\/pages\/2210\/revisions\/2211"}],"wp:attachment":[{"href":"https:\/\/www.higueronmarbellagolfresort.com\/es\/wp-json\/wp\/v2\/media?parent=2210"}],"curies":[{"name":"wp","href":"https:\/\/api.w.org\/{rel}","templated":true}]}}